{"id":2089,"date":"2016-07-26T16:34:30","date_gmt":"2016-07-26T14:34:30","guid":{"rendered":"https:\/\/www.lomacy.com\/en\/?page_id=2089"},"modified":"2026-01-05T14:46:26","modified_gmt":"2026-01-05T13:46:26","slug":"fixing-clip-nut-cage","status":"publish","type":"page","link":"https:\/\/www.lomacy.com\/en\/fixing-clip-nut-cage.html","title":{"rendered":"Specific fixing clips and nut cages"},"content":{"rendered":"[vc_row css=&#8221;.vc_custom_1469610838924{margin-bottom: 0px !important;}&#8221;][vc_column][vc_column_text]\n<h2>Specific fixing clips and nut cages<\/h2>\n<p>The <b>nut cage<\/b> and the <b>fixing clips<\/b> are destined to the fixing components to all kind of industrial sectors.<\/p>\n<p>Two categories of products exist, the <b>nut cages<\/b> and the <b>fixing clips<\/b>, treated additionnaly by heat treatment improving the mechanical resistance and the strength resistance.<\/p>\n<p>Frequently a <b>surface treatment<\/b> is applied to protect the component against the corrosion and to upgrade the component aspect. The surface treatment can also have the function to ameliorate the sliding properties of the component.<\/p>\n<p>The nut cages or the fixing clips in stainless steel can be procured annealed or harderned, but the components in this material don&#8217;t need additional surface treatment. In fact such material is already protected against the corrosion.<\/p>\n<p>The hardened stainless steel are material grades with a natural mechanichal resistance and also with a controlled elastic properties. Such specific material can make possible the manufacturing of fixing clips with an important spring effect.[\/vc_column_text][vc_empty_space height=&#8221;20px&#8221;][\/vc_column][\/vc_row][vc_row][vc_column width=&#8221;1\/4&#8243;][vc_single_image image=&#8221;2093&#8243; img_size=&#8221;250&#215;250&#8243; alignment=&#8221;center&#8221; style=&#8221;vc_box_outline&#8221; onclick=&#8221;link_image&#8221; css_animation=&#8221;bottom-to-top&#8221; css=&#8221;.vc_custom_1662454011411{margin-bottom: 0px !important;}&#8221;][vc_icon icon_fontawesome=&#8221;fa fa-file-text-o&#8221; color=&#8221;custom&#8221; size=&#8221;xs&#8221; align=&#8221;center&#8221; css=&#8221;.vc_custom_1644224032734{margin-top: 0px !important;margin-bottom: 0px !important;}&#8221; custom_color=&#8221;#f79468&#8243;][vc_text_separator title=&#8221;Fixing clips&#8221; color=&#8221;custom&#8221; style=&#8221;double&#8221; css=&#8221;.vc_custom_1662454019124{margin-top: 0px !important;}&#8221; accent_color=&#8221;#f79468&#8243;][vc_column_text css_animation=&#8221;bottom-to-top&#8221;]\n<p style=\"text-align: justify;\">The fastening clips are made under stamping press equipped with a progressive stamping tool.<\/p>\n<p><span style=\"color: #f79468;\"><strong>Purpose<\/strong><\/span>:\u00a0Electric<\/p>\n<p><span style=\"color: #f79468;\"><strong>Material<\/strong><\/span>: Stainless steel<\/p>\n<p><span style=\"color: #f79468;\"><strong>Dimension<\/strong><\/span>: 21 x 20 x 15\u00a0mm<\/p>\n<p><span style=\"color: #f79468;\"><strong>Thickness<\/strong><\/span>: 1 mm<\/p>\n<p><span style=\"color: #f79468;\"><strong>Yearly quantity<\/strong><\/span>: 50,000 parts[\/vc_column_text][\/vc_column][vc_column width=&#8221;1\/4&#8243;][vc_single_image image=&#8221;2100&#8243; img_size=&#8221;250&#215;250&#8243; alignment=&#8221;center&#8221; style=&#8221;vc_box_outline&#8221; onclick=&#8221;link_image&#8221; css_animation=&#8221;bottom-to-top&#8221; css=&#8221;.vc_custom_1662454060240{margin-bottom: 0px !important;}&#8221;][vc_icon icon_fontawesome=&#8221;fa fa-file-text-o&#8221; color=&#8221;custom&#8221; size=&#8221;xs&#8221; align=&#8221;center&#8221; css=&#8221;.vc_custom_1644224157102{margin-top: 0px !important;margin-bottom: 0px !important;}&#8221; custom_color=&#8221;#f79468&#8243;][vc_text_separator title=&#8221;Nut cage&#8221; color=&#8221;custom&#8221; style=&#8221;double&#8221; css=&#8221;.vc_custom_1662454068948{margin-top: 0px !important;}&#8221; accent_color=&#8221;#f79468&#8243;][vc_column_text css_animation=&#8221;bottom-to-top&#8221;]\n<p style=\"text-align: justify;\">The nut cage is produced in steel and quenched and protected through a Zn treatment. 7 different components are manufactured by a precision stamping, bending and deep drawing operation.<\/p>\n<p><span style=\"color: #f79468;\"><strong>Purpose<\/strong><\/span>:\u00a0Automotive<\/p>\n<p><span style=\"color: #f79468;\"><strong>Material<\/strong><\/span>: Steel<\/p>\n<p><span style=\"color: #f79468;\"><strong>Dimension<\/strong><\/span>: Diameter 22 mm x 16 mm<\/p>\n<p><span style=\"color: #f79468;\"><strong>Thickness<\/strong><\/span>: 0.6 mm<\/p>\n<p><span style=\"color: #f79468;\"><strong>Yearly quantity<\/strong><\/span>: 2,000,000 parts[\/vc_column_text][\/vc_column][vc_column width=&#8221;1\/4&#8243;][vc_single_image image=&#8221;2099&#8243; img_size=&#8221;250&#215;250&#8243; alignment=&#8221;center&#8221; style=&#8221;vc_box_outline&#8221; onclick=&#8221;link_image&#8221; css_animation=&#8221;bottom-to-top&#8221; css=&#8221;.vc_custom_1662458053332{margin-bottom: 0px !important;}&#8221;][vc_icon icon_fontawesome=&#8221;fa fa-file-text-o&#8221; color=&#8221;custom&#8221; size=&#8221;xs&#8221; align=&#8221;center&#8221; css=&#8221;.vc_custom_1644224175586{margin-top: 0px !important;margin-bottom: 0px !important;}&#8221; custom_color=&#8221;#f79468&#8243;][vc_text_separator title=&#8221;Steel fixing clip&#8221; color=&#8221;custom&#8221; style=&#8221;double&#8221; css=&#8221;.vc_custom_1662458064397{margin-top: 0px !important;}&#8221; accent_color=&#8221;#f79468&#8243;][vc_column_text css_animation=&#8221;bottom-to-top&#8221;]Steel fastening clip for the automotive with heat treatment and surface treatment.<\/p>\n<p><span style=\"color: #f79468;\"><strong>Purpose<\/strong><\/span>:\u00a0Automotive<\/p>\n<p><span style=\"color: #f79468;\"><strong>Material<\/strong><\/span>: Steel<\/p>\n<p><span style=\"color: #f79468;\"><strong>Dimension<\/strong><\/span>: 16 x 15 x 14 mm<\/p>\n<p><span style=\"color: #f79468;\"><strong>Thickness<\/strong><\/span>: 0.6 mm<\/p>\n<p><span style=\"color: #f79468;\"><strong>Yearly quantity<\/strong><\/span>: 4,000,000 parts[\/vc_column_text][\/vc_column][vc_column width=&#8221;1\/4&#8243;][vc_single_image image=&#8221;2103&#8243; img_size=&#8221;250&#215;250&#8243; alignment=&#8221;center&#8221; style=&#8221;vc_box_outline&#8221; onclick=&#8221;link_image&#8221; css_animation=&#8221;bottom-to-top&#8221; css=&#8221;.vc_custom_1662458772210{margin-bottom: 0px !important;}&#8221;][vc_icon icon_fontawesome=&#8221;fa fa-file-text-o&#8221; color=&#8221;custom&#8221; size=&#8221;xs&#8221; align=&#8221;center&#8221; css=&#8221;.vc_custom_1644224182810{margin-top: 0px !important;margin-bottom: 0px !important;}&#8221; custom_color=&#8221;#f79468&#8243;][vc_text_separator title=&#8221;Square nut cage&#8221; color=&#8221;custom&#8221; style=&#8221;double&#8221; css=&#8221;.vc_custom_1662458786491{margin-top: 0px !important;}&#8221; accent_color=&#8221;#f79468&#8243;][vc_column_text css_animation=&#8221;bottom-to-top&#8221;]\n<p style=\"text-align: justify;\">Made in steel and including heat treatment and a surface treatment process. This part is produced by stamping and deep-drawing with a progressive tool.<\/p>\n<p><span style=\"color: #f79468;\"><strong>Purpose<\/strong><\/span>:\u00a0Automotive<\/p>\n<p><span style=\"color: #f79468;\"><strong>Material<\/strong><\/span>: Steel<\/p>\n<p><span style=\"color: #f79468;\"><strong>Dimension<\/strong><\/span>: 23 x 15 x 8\u00a0mm<\/p>\n<p><span style=\"color: #f79468;\"><strong>Thickness<\/strong><\/span>: 0.6 mm<\/p>\n<p><span style=\"color: #f79468;\"><strong>Yearly quantity<\/strong><\/span>: 400,000 parts[\/vc_column_text][\/vc_column][\/vc_row][vc_row][vc_column width=&#8221;1\/4&#8243;][vc_single_image image=&#8221;2097&#8243; img_size=&#8221;250&#215;250&#8243; alignment=&#8221;center&#8221; style=&#8221;vc_box_outline&#8221; onclick=&#8221;link_image&#8221; css_animation=&#8221;bottom-to-top&#8221; css=&#8221;.vc_custom_1662469232038{margin-bottom: 0px !important;}&#8221;][vc_icon icon_fontawesome=&#8221;fa fa-file-text-o&#8221; color=&#8221;custom&#8221; size=&#8221;xs&#8221; align=&#8221;center&#8221; css=&#8221;.vc_custom_1644224248226{margin-top: 0px !important;margin-bottom: 0px !important;}&#8221; custom_color=&#8221;#f79468&#8243;][vc_text_separator title=&#8221;Quick assembly nut cage&#8221; color=&#8221;custom&#8221; style=&#8221;double&#8221; css=&#8221;.vc_custom_1662469245296{margin-top: 0px !important;}&#8221; accent_color=&#8221;#f79468&#8243;][vc_column_text css_animation=&#8221;bottom-to-top&#8221;]Stamping nut cage including the quick assembly function made under stamping press with Lomacy progressive tool.<\/p>\n<p>This steel stamping, bending and deep-drawing component intergrate heat treatment and surface treatment.<\/p>\n<p><span style=\"color: #f79468;\"><strong>Purpose<\/strong><\/span>:\u00a0Electric<\/p>\n<p><span style=\"color: #f79468;\"><strong>Material<\/strong><\/span>: Steel<\/p>\n<p><span style=\"color: #f79468;\"><strong>Dimension<\/strong><\/span>: 14 x 12 x 9 mm<\/p>\n<p><span style=\"color: #f79468;\"><strong>Thickness<\/strong><\/span>: 0.3 mm<\/p>\n<p><span style=\"color: #f79468;\"><strong>Yearly quantity<\/strong><\/span>: 600,000 parts[\/vc_column_text][\/vc_column][vc_column width=&#8221;1\/4&#8243;][vc_single_image image=&#8221;2096&#8243; img_size=&#8221;250&#215;250&#8243; alignment=&#8221;center&#8221; style=&#8221;vc_box_outline&#8221; onclick=&#8221;link_image&#8221; css_animation=&#8221;bottom-to-top&#8221; css=&#8221;.vc_custom_1662469338518{margin-bottom: 0px !important;}&#8221;][vc_icon icon_fontawesome=&#8221;fa fa-file-text-o&#8221; color=&#8221;custom&#8221; size=&#8221;xs&#8221; align=&#8221;center&#8221; css=&#8221;.vc_custom_1644224241368{margin-top: 0px !important;margin-bottom: 0px !important;}&#8221; custom_color=&#8221;#f79468&#8243;][vc_text_separator title=&#8221;Stainless steel fixing clip&#8221; color=&#8221;custom&#8221; style=&#8221;double&#8221; css=&#8221;.vc_custom_1662469353192{margin-top: 0px !important;}&#8221; accent_color=&#8221;#f79468&#8243;][vc_column_text css_animation=&#8221;bottom-to-top&#8221;]\n<p style=\"text-align: justify;\">Stainless steel fixing clip made by stamping and bending operation into a progressive tool under press.<\/p>\n<p><span style=\"color: #f79468;\"><strong>Purpose<\/strong><\/span>:\u00a0Automotive<\/p>\n<p><span style=\"color: #f79468;\"><strong>Material<\/strong><\/span>:\u00a0Special spring stainless steel<\/p>\n<p><span style=\"color: #f79468;\"><strong>Dimension<\/strong><\/span>: 20 x 12 x 12\u00a0mm<\/p>\n<p><span style=\"color: #f79468;\"><strong>Thickness<\/strong><\/span>: 0.6 mm<\/p>\n<p><span style=\"color: #f79468;\"><strong>Yearly quantity<\/strong><\/span>: 400,000 parts[\/vc_column_text][\/vc_column][vc_column width=&#8221;1\/4&#8243;][vc_single_image image=&#8221;2106&#8243; img_size=&#8221;250&#215;250&#8243; alignment=&#8221;center&#8221; style=&#8221;vc_box_outline&#8221; onclick=&#8221;link_image&#8221; css_animation=&#8221;bottom-to-top&#8221; css=&#8221;.vc_custom_1662469420760{margin-bottom: 0px !important;}&#8221;][vc_icon icon_fontawesome=&#8221;fa fa-file-text-o&#8221; color=&#8221;custom&#8221; size=&#8221;xs&#8221; align=&#8221;center&#8221; css=&#8221;.vc_custom_1644224233690{margin-top: 0px !important;margin-bottom: 0px !important;}&#8221; custom_color=&#8221;#f79468&#8243;][vc_text_separator title=&#8221;Fixing clip&#8221; color=&#8221;custom&#8221; style=&#8221;double&#8221; css=&#8221;.vc_custom_1662469430841{margin-top: 0px !important;}&#8221; accent_color=&#8221;#f79468&#8243;][vc_column_text css_animation=&#8221;bottom-to-top&#8221;]\n<p style=\"text-align: justify;\">Steel fixing clip with heat treatment and surface treatment for the automotive undustry made into a progressive tool under stamping press.<\/p>\n<p><span style=\"color: #f79468;\"><strong>Purpose<\/strong><\/span>: Automotive<\/p>\n<p><span style=\"color: #f79468;\"><strong>Material<\/strong><\/span>: Steel<\/p>\n<p><span style=\"color: #f79468;\"><strong>Dimension<\/strong><\/span>: 11 x 9 x 5\u00a0mm<\/p>\n<p><span style=\"color: #f79468;\"><strong>Thickness<\/strong><\/span>: 0.6 mm<\/p>\n<p><span style=\"color: #f79468;\"><strong>Yearly quantity<\/strong><\/span>: 500,000 parts[\/vc_column_text][\/vc_column][vc_column width=&#8221;1\/4&#8243;][vc_single_image image=&#8221;2096&#8243; img_size=&#8221;250&#215;250&#8243; alignment=&#8221;center&#8221; style=&#8221;vc_box_outline&#8221; onclick=&#8221;link_image&#8221; css_animation=&#8221;bottom-to-top&#8221; css=&#8221;.vc_custom_1662469486924{margin-bottom: 0px !important;}&#8221;][vc_icon icon_fontawesome=&#8221;fa fa-file-text-o&#8221; color=&#8221;custom&#8221; size=&#8221;xs&#8221; align=&#8221;center&#8221; css=&#8221;.vc_custom_1644224222593{margin-top: 0px !important;margin-bottom: 0px !important;}&#8221; custom_color=&#8221;#f79468&#8243;][vc_text_separator title=&#8221;Automotive fixing clips&#8221; color=&#8221;custom&#8221; style=&#8221;double&#8221; css=&#8221;.vc_custom_1662469499912{margin-top: 0px !important;}&#8221; accent_color=&#8221;#f79468&#8243;][vc_column_text css_animation=&#8221;bottom-to-top&#8221;]\n<p style=\"text-align: justify;\">Made in steel and including heat treatment and a surface treatment process. This part is produced by stamping in a progressive tool under press.<\/p>\n<p><span style=\"color: #f79468;\"><strong>Purpose<\/strong><\/span>:\u00a0Automotive<\/p>\n<p><span style=\"color: #f79468;\"><strong>Material<\/strong><\/span>: Steel<\/p>\n<p><span style=\"color: #f79468;\"><strong>Dimension<\/strong><\/span>: 13 x 12 x 8 mm<\/p>\n<p><span style=\"color: #f79468;\"><strong>Thickness<\/strong><\/span>: 0.4 mm<\/p>\n<p><span style=\"color: #f79468;\"><strong>Yearly quantity<\/strong><\/span>: 600,000 parts[\/vc_column_text][\/vc_column][\/vc_row][vc_row][vc_column width=&#8221;1\/4&#8243;][vc_single_image image=&#8221;2114&#8243; img_size=&#8221;250&#215;250&#8243; alignment=&#8221;center&#8221; style=&#8221;vc_box_outline&#8221; onclick=&#8221;link_image&#8221; css_animation=&#8221;bottom-to-top&#8221; css=&#8221;.vc_custom_1662471603272{margin-bottom: 0px !important;}&#8221;][vc_icon icon_fontawesome=&#8221;fa fa-file-text-o&#8221; color=&#8221;custom&#8221; size=&#8221;xs&#8221; align=&#8221;center&#8221; css=&#8221;.vc_custom_1644224370384{margin-top: 0px !important;margin-bottom: 0px !important;}&#8221; custom_color=&#8221;#f79468&#8243;][vc_text_separator title=&#8221;Fixing nut in the metal edge sheet&#8221; color=&#8221;custom&#8221; style=&#8221;double&#8221; css=&#8221;.vc_custom_1662471629859{margin-top: 0px !important;}&#8221; accent_color=&#8221;#f79468&#8243;][vc_column_text css_animation=&#8221;bottom-to-top&#8221;]\n<p style=\"text-align: justify;\">Fixing nut in the metal edge sheet for the automotive made by stamping, bending and deep-drawing on a 4 cavities progressive tool.<\/p>\n<p><span style=\"color: #f79468;\"><strong>Purpose<\/strong><\/span>: Automotive<\/p>\n<p><span style=\"color: #f79468;\"><strong>Material<\/strong><\/span>: Steel<\/p>\n<p><span style=\"color: #f79468;\"><strong>Dimension<\/strong><\/span>: 13 x 10 x 4 mm<\/p>\n<p><span style=\"color: #f79468;\"><strong>Thickness<\/strong><\/span>: 0.6 mm<\/p>\n<p><span style=\"color: #f79468;\"><strong>Yearly quantity<\/strong><\/span>: 15,000,000 parts[\/vc_column_text][\/vc_column][vc_column width=&#8221;1\/4&#8243;][vc_single_image image=&#8221;2115&#8243; img_size=&#8221;250&#215;250&#8243; alignment=&#8221;center&#8221; style=&#8221;vc_box_outline&#8221; onclick=&#8221;link_image&#8221; css_animation=&#8221;bottom-to-top&#8221; css=&#8221;.vc_custom_1662471708358{margin-bottom: 0px !important;}&#8221;][vc_icon icon_fontawesome=&#8221;fa fa-file-text-o&#8221; color=&#8221;custom&#8221; size=&#8221;xs&#8221; align=&#8221;center&#8221; css=&#8221;.vc_custom_1644224380203{margin-top: 0px !important;margin-bottom: 0px !important;}&#8221; custom_color=&#8221;#f79468&#8243;][vc_text_separator title=&#8221;Steel fixing clip&#8221; color=&#8221;custom&#8221; style=&#8221;double&#8221; css=&#8221;.vc_custom_1682583874412{margin-top: 0px !important;}&#8221; accent_color=&#8221;#f79468&#8243;][vc_column_text css_animation=&#8221;bottom-to-top&#8221;]\n<p style=\"text-align: justify;\">Steel fixing clip made by stamping and bending of precision into a stamping tool.<\/p>\n<p><span style=\"color: #f79468;\"><strong>Purpose<\/strong><\/span>: Automotive<\/p>\n<p><span style=\"color: #f79468;\"><strong>Material<\/strong><\/span>: Steel<\/p>\n<p><span style=\"color: #f79468;\"><strong>Dimension<\/strong><\/span>: 24 x 15 x 7 mm<\/p>\n<p><span style=\"color: #f79468;\"><strong>Thickness<\/strong><\/span>: 0.4 mm<\/p>\n<p><span style=\"color: #f79468;\"><strong>Yearly quantity<\/strong><\/span>: 200,000 parts[\/vc_column_text][\/vc_column][vc_column width=&#8221;1\/4&#8243;][vc_single_image image=&#8221;2112&#8243; img_size=&#8221;250&#215;250&#8243; alignment=&#8221;center&#8221; style=&#8221;vc_box_outline&#8221; onclick=&#8221;link_image&#8221; css_animation=&#8221;bottom-to-top&#8221; css=&#8221;.vc_custom_1662471785295{margin-bottom: 0px !important;}&#8221;][vc_icon icon_fontawesome=&#8221;fa fa-file-text-o&#8221; color=&#8221;custom&#8221; size=&#8221;xs&#8221; align=&#8221;center&#8221; css=&#8221;.vc_custom_1644224412258{margin-top: 0px !important;margin-bottom: 0px !important;}&#8221; custom_color=&#8221;#f79468&#8243;][vc_text_separator title=&#8221;Nut cage with treatment&#8221; color=&#8221;custom&#8221; style=&#8221;double&#8221; css=&#8221;.vc_custom_1662471940641{margin-top: 0px !important;}&#8221; accent_color=&#8221;#f79468&#8243;][vc_column_text css_animation=&#8221;bottom-to-top&#8221;]\n<p style=\"text-align: justify;\">Steel nut cage integrating heat treatment and surface treatment which are very soecific for the aeronautic industry.<\/p>\n<p><span style=\"color: #f79468;\"><strong>Purpose<\/strong><\/span>:\u00a0Aeronautic<\/p>\n<p><span style=\"color: #f79468;\"><strong>Material<\/strong><\/span>: Steel<\/p>\n<p><span style=\"color: #f79468;\"><strong>Dimension<\/strong><\/span>: Diameter 12 mm x 9mm<\/p>\n<p><span style=\"color: #f79468;\"><strong>Thickness<\/strong><\/span>: 0.5 mm<\/p>\n<p><span style=\"color: #f79468;\"><strong>Yearly quantity<\/strong><\/span>: 20,000 parts[\/vc_column_text][\/vc_column][vc_column width=&#8221;1\/4&#8243;][\/vc_column][\/vc_row][vc_row][vc_column][vc_empty_space][\/vc_column][\/vc_row][vc_row][vc_column width=&#8221;1\/4&#8243;][\/vc_column][vc_column width=&#8221;1\/2&#8243;][vc_cta h2=&#8221;Contact us!&#8221; add_button=&#8221;right&#8221; btn_title=&#8221;Contactez-nous&#8221; btn_color=&#8221;mulled-wine&#8221; btn_i_icon_fontawesome=&#8221;fa fa-envelope-o&#8221; btn_link=&#8221;url:https%3A%2F%2Fwww.lomacy.com%2Fen\/contact-2.html|||&#8221; btn_add_icon=&#8221;true&#8221; btn_custom_onclick=&#8221;true&#8221;]Nous pouvons \u00e9tudier vos projets et d\u00e9veloppements sp\u00e9cifiques et ainsi vous accompagner lors de la phase d&#8217;industrialisation d&#8217;<strong>agrafes<\/strong>, <strong>clips<\/strong> ou <strong>ressorts plats<\/strong>, n&#8217;h\u00e9sitez pas \u00e0 nous consulter.[\/vc_cta][\/vc_column][vc_column width=&#8221;1\/4&#8243;][\/vc_column][\/vc_row]\n","protected":false},"excerpt":{"rendered":"<p>[vc_row css=&#8221;.vc_custom_1469610838924{margin-bottom: 0px !important;}&#8221;][vc_column][vc_column_text] Specific fixing clips and nut cages The nut cage and the fixing clips are destined to the fixing components to all kind of industrial sectors. Two categories of products exist, the nut cages and the fixing clips, treated additionnaly by heat treatment improving the mechanical resistance and the strength resistance. Frequently [&hellip;]<\/p>\n","protected":false},"author":1,"featured_media":0,"parent":0,"menu_order":0,"comment_status":"closed","ping_status":"closed","template":"page-templates\/full-width.php","meta":{"inline_featured_image":false,"footnotes":""},"_links":{"self":[{"href":"https:\/\/www.lomacy.com\/en\/wp-json\/wp\/v2\/pages\/2089"}],"collection":[{"href":"https:\/\/www.lomacy.com\/en\/wp-json\/wp\/v2\/pages"}],"about":[{"href":"https:\/\/www.lomacy.com\/en\/wp-json\/wp\/v2\/types\/page"}],"author":[{"embeddable":true,"href":"https:\/\/www.lomacy.com\/en\/wp-json\/wp\/v2\/users\/1"}],"replies":[{"embeddable":true,"href":"https:\/\/www.lomacy.com\/en\/wp-json\/wp\/v2\/comments?post=2089"}],"version-history":[{"count":24,"href":"https:\/\/www.lomacy.com\/en\/wp-json\/wp\/v2\/pages\/2089\/revisions"}],"predecessor-version":[{"id":2810,"href":"https:\/\/www.lomacy.com\/en\/wp-json\/wp\/v2\/pages\/2089\/revisions\/2810"}],"wp:attachment":[{"href":"https:\/\/www.lomacy.com\/en\/wp-json\/wp\/v2\/media?parent=2089"}],"curies":[{"name":"wp","href":"https:\/\/api.w.org\/{rel}","templated":true}]}}